{"id":101265,"date":"2025-03-26T12:51:09","date_gmt":"2025-03-26T11:51:09","guid":{"rendered":"https:\/\/rexroth-rhinow-gmbh.de\/certificates\/"},"modified":"2026-02-26T06:40:21","modified_gmt":"2026-02-26T05:40:21","slug":"certificates","status":"publish","type":"page","link":"https:\/\/rexroth-rhinow-gmbh.de\/en\/certificates\/","title":{"rendered":"Certificates"},"content":{"rendered":"<p>[et_pb_section fb_built=&#8221;1&#8243; module_class=&#8221;px_page_title&#8221; _builder_version=&#8221;4.27.4&#8243; _module_preset=&#8221;default&#8221; background_enable_color=&#8221;off&#8221; background_image=&#8221;https:\/\/rexroth-rhinow-gmbh.de\/wp-content\/uploads\/2024\/12\/LinkedIn-Header-3.jpg&#8221; background_position=&#8221;bottom_center&#8221; background_blend=&#8221;overlay&#8221; custom_margin=&#8221;||76px|||&#8221; custom_padding=&#8221;||31px|||&#8221; locked=&#8221;off&#8221; collapsed=&#8221;off&#8221; global_colors_info=&#8221;{}&#8221;][et_pb_row _builder_version=&#8221;4.21.0&#8243; _module_preset=&#8221;default&#8221; custom_padding=&#8221;||10px||false|false&#8221; collapsed=&#8221;on&#8221; global_colors_info=&#8221;{}&#8221;][et_pb_column type=&#8221;4_4&#8243; _builder_version=&#8221;4.18.0&#8243; _module_preset=&#8221;default&#8221; global_colors_info=&#8221;{}&#8221;][et_pb_text module_class=&#8221;px_product_title_name&#8221; _builder_version=&#8221;4.27.4&#8243; _module_preset=&#8221;default&#8221; global_colors_info=&#8221;{}&#8221;]<\/p>\n<p>Certificates &amp; Certifications<\/p>\n<p>[\/et_pb_text][\/et_pb_column][\/et_pb_row][\/et_pb_section][et_pb_section fb_built=&#8221;1&#8243; _builder_version=&#8221;4.24.0&#8243; _module_preset=&#8221;default&#8221; custom_padding=&#8221;0px|||||&#8221; global_colors_info=&#8221;{}&#8221;][et_pb_row column_structure=&#8221;3_5,2_5&#8243; _builder_version=&#8221;4.27.4&#8243; _module_preset=&#8221;default&#8221; width=&#8221;90%&#8221; max_width=&#8221;1200px&#8221; custom_margin=&#8221;|auto||323px||&#8221; custom_padding=&#8221;19px|||||&#8221; global_colors_info=&#8221;{}&#8221;][et_pb_column type=&#8221;3_5&#8243; _builder_version=&#8221;4.22.1&#8243; _module_preset=&#8221;default&#8221; global_colors_info=&#8221;{}&#8221;][et_pb_image src=&#8221;http:\/\/rexroth-rhinow-gmbh.de\/wp-content\/uploads\/2024\/12\/Logo-lang-header-website-blau-mit-schein.png&#8221; title_text=&#8221;Logo-lang-header-website-blau-mit-schein&#8221; _builder_version=&#8221;4.27.4&#8243; _module_preset=&#8221;default&#8221; custom_margin=&#8221;||3px|||&#8221; custom_padding=&#8221;||0px|||&#8221; global_colors_info=&#8221;{}&#8221;][\/et_pb_image][\/et_pb_column][et_pb_column type=&#8221;2_5&#8243; _builder_version=&#8221;4.22.1&#8243; _module_preset=&#8221;default&#8221; global_colors_info=&#8221;{}&#8221;][\/et_pb_column][\/et_pb_row][et_pb_row column_structure=&#8221;1_3,1_3,1_3&#8243; use_custom_gutter=&#8221;on&#8221; gutter_width=&#8221;4&#8243; make_equal=&#8221;on&#8221; _builder_version=&#8221;4.27.4&#8243; _module_preset=&#8221;default&#8221; width=&#8221;90%&#8221; max_width=&#8221;1200px&#8221; custom_padding=&#8221;37px||||false|false&#8221; global_colors_info=&#8221;{}&#8221;][et_pb_column type=&#8221;1_3&#8243; _builder_version=&#8221;4.27.4&#8243; _module_preset=&#8221;default&#8221; global_colors_info=&#8221;{}&#8221;][et_pb_image src=&#8221;https:\/\/rexroth-rhinow-gmbh.de\/wp-content\/uploads\/2025\/09\/DIN-EN-ISO-9001-2015-von-2025-bis-2028-08-26-DE-1.jpg&#8221; title_text=&#8221;DIN-EN-ISO-9001-2015 &#8211; from 2025 to 2028-08-26 (DE)-1&#8243; show_in_lightbox=&#8221;on&#8221; _builder_version=&#8221;4.27.4&#8243; _module_preset=&#8221;default&#8221; border_width_all=&#8221;1px&#8221; border_color_all=&#8221;#3859aa&#8221; box_shadow_style=&#8221;preset1&#8243; global_colors_info=&#8221;{}&#8221;][\/et_pb_image][et_pb_text _builder_version=&#8221;4.27.4&#8243; _module_preset=&#8221;default&#8221; link_option_url=&#8221;https:\/\/rexroth-rhinow-gmbh.de\/wp-content\/uploads\/2025\/09\/DIN-EN-ISO-9001-2015-von-2025-bis-2028-08-26-DE.pdf&#8221; link_option_url_new_window=&#8221;on&#8221; global_colors_info=&#8221;{}&#8221;]<\/p>\n<p><img decoding=\"async\" src=\"https:\/\/rexroth-rhinow-gmbh.de\/wp-content\/uploads\/2025\/03\/PDF-Downlad.png\" width=\"36\" height=\"38\" alt=\"\" class=\"wp-image-987520200 alignnone size-full\">  DIN EN ISO 9001:2015<\/p>\n<p>[\/et_pb_text][\/et_pb_column][et_pb_column type=&#8221;1_3&#8243; _builder_version=&#8221;4.22.2&#8243; _module_preset=&#8221;default&#8221; global_colors_info=&#8221;{}&#8221;][et_pb_image src=&#8221;https:\/\/rexroth-rhinow-gmbh.de\/wp-content\/uploads\/2025\/04\/DIN-EN-15085-2-von-2024-bis-2027-05-28-DE-CL1-1.jpg&#8221; title_text=&#8221;DIN-EN-15085-2 &#8211; from 2024 to 2027-05-28 (DE) &#8211; CL1-1&#8243; show_in_lightbox=&#8221;on&#8221; _builder_version=&#8221;4.27.4&#8243; _module_preset=&#8221;default&#8221; border_width_all=&#8221;1px&#8221; border_color_all=&#8221;#3859aa&#8221; box_shadow_style=&#8221;preset1&#8243; global_colors_info=&#8221;{}&#8221;][\/et_pb_image][et_pb_text _builder_version=&#8221;4.27.4&#8243; _module_preset=&#8221;default&#8221; link_option_url=&#8221;https:\/\/rexroth-rhinow-gmbh.de\/wp-content\/uploads\/2025\/03\/DIN-EN-15085-2-von-2024-bis-2027-05-28-DE-CL1.pdf&#8221; link_option_url_new_window=&#8221;on&#8221; global_colors_info=&#8221;{}&#8221;]<img decoding=\"async\" src=\"https:\/\/rexroth-rhinow-gmbh.de\/wp-content\/uploads\/2025\/03\/PDF-Downlad.png\" width=\"36\" height=\"38\" alt=\"\" class=\"wp-image-987520200 alignnone size-full\">  EN 15085-2:2020+A1:2023[\/et_pb_text][\/et_pb_column][et_pb_column type=&#8221;1_3&#8243; _builder_version=&#8221;4.22.2&#8243; _module_preset=&#8221;default&#8221; global_colors_info=&#8221;{}&#8221;][et_pb_image src=&#8221;https:\/\/rexroth-rhinow-gmbh.de\/wp-content\/uploads\/2025\/04\/DIN-2303-von-2022-bis-2025-12-13-DE-Q2_BK2-1.jpg&#8221; title_text=&#8221;DIN-2303 &#8211; from 2022 to 2025-12-13 (DE) &#8211; Q2_BK2-1&#8243; show_in_lightbox=&#8221;on&#8221; _builder_version=&#8221;4.27.4&#8243; _module_preset=&#8221;default&#8221; border_width_all=&#8221;1px&#8221; border_color_all=&#8221;#3859aa&#8221; box_shadow_style=&#8221;preset1&#8243; global_colors_info=&#8221;{}&#8221;][\/et_pb_image][et_pb_text _builder_version=&#8221;4.27.4&#8243; _module_preset=&#8221;default&#8221; link_option_url=&#8221;https:\/\/rexroth-rhinow-gmbh.de\/wp-content\/uploads\/2025\/03\/DIN-2303-von-2022-bis-2025-12-13-DE-Q2_BK2.pdf&#8221; link_option_url_new_window=&#8221;on&#8221; global_colors_info=&#8221;{}&#8221;]<\/p>\n<p><img decoding=\"async\" src=\"https:\/\/rexroth-rhinow-gmbh.de\/wp-content\/uploads\/2025\/03\/PDF-Downlad.png\" width=\"36\" height=\"38\" alt=\"\" class=\"wp-image-987520200 alignnone size-full\">  DIN 2303 &#8211; from 2022 to 2025<\/p>\n<p>[\/et_pb_text][\/et_pb_column][\/et_pb_row][et_pb_row column_structure=&#8221;1_4,1_4,1_4,1_4&#8243; use_custom_gutter=&#8221;on&#8221; gutter_width=&#8221;4&#8243; make_equal=&#8221;on&#8221; _builder_version=&#8221;4.27.4&#8243; _module_preset=&#8221;default&#8221; width=&#8221;90%&#8221; max_width=&#8221;1200px&#8221; custom_padding=&#8221;37px||||false|false&#8221; global_colors_info=&#8221;{}&#8221; locked=&#8221;off&#8221;][et_pb_column type=&#8221;1_4&#8243; _builder_version=&#8221;4.27.4&#8243; _module_preset=&#8221;default&#8221; global_colors_info=&#8221;{}&#8221;][et_pb_image src=&#8221;https:\/\/rexroth-rhinow-gmbh.de\/wp-content\/uploads\/2025\/09\/DIN-EN-ISO-9001-2015-von-2025-bis-2028-08-26-DE-1.jpg&#8221; title_text=&#8221;DIN-EN-ISO-9001-2015&#8212;von-2025-bis-2028-08-26-(DE)-1&#8243; show_in_lightbox=&#8221;on&#8221; _builder_version=&#8221;4.27.5&#8243; _module_preset=&#8221;default&#8221; hover_enabled=&#8221;0&#8243; border_width_all=&#8221;1px&#8221; border_color_all=&#8221;#3859aa&#8221; box_shadow_style=&#8221;preset1&#8243; global_colors_info=&#8221;{}&#8221; sticky_enabled=&#8221;0&#8243;][\/et_pb_image][et_pb_text _builder_version=&#8221;4.27.4&#8243; _module_preset=&#8221;default&#8221; link_option_url=&#8221;https:\/\/rexroth-rhinow-gmbh.de\/wp-content\/uploads\/2025\/09\/DIN-EN-ISO-9001-2015-von-2025-bis-2028-08-26-DE.pdf&#8221; link_option_url_new_window=&#8221;on&#8221; global_colors_info=&#8221;{}&#8221;]<\/p>\n<p><img decoding=\"async\" src=\"https:\/\/rexroth-rhinow-gmbh.de\/wp-content\/uploads\/2025\/03\/PDF-Downlad.png\" width=\"36\" height=\"38\" alt=\"\" class=\"wp-image-987520200 alignnone size-full\" \/> DIN EN ISO 9001:2015<\/p>\n<p>[\/et_pb_text][\/et_pb_column][et_pb_column type=&#8221;1_4&#8243; _builder_version=&#8221;4.22.2&#8243; _module_preset=&#8221;default&#8221; global_colors_info=&#8221;{}&#8221;][et_pb_image src=&#8221;https:\/\/rexroth-rhinow-gmbh.de\/wp-content\/uploads\/2025\/04\/DIN-EN-15085-2-von-2024-bis-2027-05-28-DE-CL1-1.jpg&#8221; title_text=&#8221;DIN-EN-15085-2&#8212;von-2024-bis-2027-05-28-(DE)&#8212;CL1-1&#8243; show_in_lightbox=&#8221;on&#8221; _builder_version=&#8221;4.27.4&#8243; _module_preset=&#8221;default&#8221; border_width_all=&#8221;1px&#8221; border_color_all=&#8221;#3859aa&#8221; box_shadow_style=&#8221;preset1&#8243; global_colors_info=&#8221;{}&#8221;][\/et_pb_image][et_pb_text _builder_version=&#8221;4.27.4&#8243; _module_preset=&#8221;default&#8221; link_option_url=&#8221;https:\/\/rexroth-rhinow-gmbh.de\/wp-content\/uploads\/2025\/03\/DIN-EN-15085-2-von-2024-bis-2027-05-28-DE-CL1.pdf&#8221; link_option_url_new_window=&#8221;on&#8221; global_colors_info=&#8221;{}&#8221;]<img decoding=\"async\" src=\"https:\/\/rexroth-rhinow-gmbh.de\/wp-content\/uploads\/2025\/03\/PDF-Downlad.png\" width=\"36\" height=\"38\" alt=\"\" class=\"wp-image-987520200 alignnone size-full\" \/> EN 15085-2:2020+A1:2023[\/et_pb_text][\/et_pb_column][et_pb_column type=&#8221;1_4&#8243; _builder_version=&#8221;4.22.2&#8243; _module_preset=&#8221;default&#8221; global_colors_info=&#8221;{}&#8221;][et_pb_image src=&#8221;https:\/\/rexroth-rhinow-gmbh.de\/wp-content\/uploads\/2025\/12\/DIN-2303-von-2025-bis-2028-12-13-DE-Q2_BK2-1.jpg&#8221; title_text=&#8221;DIN-2303&#8212;von-2025-bis-2028-12-13-(DE)&#8212;Q2_BK2-1&#8243; show_in_lightbox=&#8221;on&#8221; _builder_version=&#8221;4.27.5&#8243; _module_preset=&#8221;default&#8221; border_width_all=&#8221;1px&#8221; border_color_all=&#8221;#3859aa&#8221; box_shadow_style=&#8221;preset1&#8243; global_colors_info=&#8221;{}&#8221;][\/et_pb_image][et_pb_text _builder_version=&#8221;4.27.5&#8243; _module_preset=&#8221;default&#8221; link_option_url=&#8221;https:\/\/rexroth-rhinow-gmbh.de\/wp-content\/uploads\/2025\/12\/DIN-2303-von-2025-bis-2028-12-13-DE-Q2_BK2.pdf&#8221; link_option_url_new_window=&#8221;on&#8221; global_colors_info=&#8221;{}&#8221;]<\/p>\n<p><img decoding=\"async\" src=\"https:\/\/rexroth-rhinow-gmbh.de\/wp-content\/uploads\/2025\/03\/PDF-Downlad.png\" width=\"36\" height=\"38\" alt=\"\" class=\"wp-image-987520200 alignnone size-full\" \/> DIN 2303 &#8211; von 2025 bis 2028<\/p>\n<p>[\/et_pb_text][\/et_pb_column][et_pb_column type=&#8221;1_4&#8243; _builder_version=&#8221;4.22.2&#8243; _module_preset=&#8221;default&#8221; global_colors_info=&#8221;{}&#8221;][et_pb_image src=&#8221;https:\/\/rexroth-rhinow-gmbh.de\/wp-content\/uploads\/2025\/12\/Zertifikat-EN-17460.jpg&#8221; title_text=&#8221;Zertifikat-EN-17460&#8243; show_in_lightbox=&#8221;on&#8221; _builder_version=&#8221;4.27.4&#8243; _module_preset=&#8221;default&#8221; border_width_all=&#8221;1px&#8221; border_color_all=&#8221;#3859aa&#8221; box_shadow_style=&#8221;preset1&#8243; global_colors_info=&#8221;{}&#8221;][\/et_pb_image][et_pb_text _builder_version=&#8221;4.27.4&#8243; _module_preset=&#8221;default&#8221; link_option_url=&#8221;https:\/\/rexroth-rhinow-gmbh.de\/wp-content\/uploads\/2025\/12\/DIN-EN-17460-von-30-10-2025-bis-29-10-28-DE-neu.pdf&#8221; link_option_url_new_window=&#8221;on&#8221; global_colors_info=&#8221;{}&#8221;]<\/p>\n<p><img decoding=\"async\" src=\"https:\/\/rexroth-rhinow-gmbh.de\/wp-content\/uploads\/2025\/03\/PDF-Downlad.png\" width=\"36\" height=\"38\" alt=\"\" class=\"wp-image-987520200 alignnone size-full\" \/> EN 17460 :2025<\/p>\n<p>[\/et_pb_text][\/et_pb_column][\/et_pb_row][\/et_pb_section]<\/p>\n","protected":false},"excerpt":{"rendered":"<p>Certificates &amp; Certifications DIN EN ISO 9001:2015 EN 15085-2:2020+A1:2023 DIN 2303 &#8211; from 2022 to 2025 DIN EN ISO 9001:2015 EN 15085-2:2020+A1:2023 DIN 2303 &#8211; von 2025 bis 2028 EN 17460 :2025<\/p>\n","protected":false},"author":1,"featured_media":0,"parent":0,"menu_order":0,"comment_status":"closed","ping_status":"closed","template":"","meta":{"_acf_changed":false,"_et_pb_use_builder":"on","_et_pb_old_content":"","_et_gb_content_width":"","footnotes":""},"dipi_cpt_category":[],"class_list":["post-101265","page","type-page","status-publish","hentry"],"acf":[],"yoast_head":"<!-- This site is optimized with the Yoast SEO Premium plugin v24.8 (Yoast SEO v27.3) - https:\/\/yoast.com\/product\/yoast-seo-premium-wordpress\/ -->\n<title>Certificates - Rexroth Rhinow | Spezialist f\u00fcr Metallverarbeitung<\/title>\n<meta name=\"description\" content=\"Rexroth\" \/>\n<meta name=\"robots\" content=\"index, follow, max-snippet:-1, max-image-preview:large, max-video-preview:-1\" \/>\n<link rel=\"canonical\" href=\"https:\/\/rexroth-rhinow-gmbh.de\/en\/certificates\/\" \/>\n<meta property=\"og:locale\" content=\"en_US\" \/>\n<meta property=\"og:type\" content=\"article\" \/>\n<meta property=\"og:title\" content=\"Certificates\" \/>\n<meta property=\"og:description\" content=\"Rexroth\" \/>\n<meta property=\"og:url\" content=\"https:\/\/rexroth-rhinow-gmbh.de\/en\/certificates\/\" \/>\n<meta property=\"og:site_name\" content=\"Rexroth Rhinow | Spezialist f\u00fcr Metallverarbeitung\" \/>\n<meta property=\"article:publisher\" content=\"https:\/\/www.facebook.com\/p\/Rexroth-Rhinow-GmbH-100039927945431\/\" \/>\n<meta property=\"article:modified_time\" content=\"2026-02-26T05:40:21+00:00\" \/>\n<meta property=\"og:image\" content=\"https:\/\/rexroth-rhinow-gmbh.de\/wp-content\/uploads\/2025\/03\/PDF-Downlad.png\" \/>\n<meta name=\"twitter:card\" content=\"summary_large_image\" \/>\n<meta name=\"twitter:label1\" content=\"Est. reading time\" \/>\n\t<meta name=\"twitter:data1\" content=\"5 minutes\" \/>\n<script type=\"application\/ld+json\" class=\"yoast-schema-graph\">{\"@context\":\"https:\\\/\\\/schema.org\",\"@graph\":[{\"@type\":\"WebPage\",\"@id\":\"https:\\\/\\\/rexroth-rhinow-gmbh.de\\\/en\\\/certificates\\\/\",\"url\":\"https:\\\/\\\/rexroth-rhinow-gmbh.de\\\/en\\\/certificates\\\/\",\"name\":\"Certificates - Rexroth Rhinow | Spezialist f\u00fcr Metallverarbeitung\",\"isPartOf\":{\"@id\":\"https:\\\/\\\/rexroth-rhinow-gmbh.de\\\/en\\\/#website\"},\"primaryImageOfPage\":{\"@id\":\"https:\\\/\\\/rexroth-rhinow-gmbh.de\\\/en\\\/certificates\\\/#primaryimage\"},\"image\":{\"@id\":\"https:\\\/\\\/rexroth-rhinow-gmbh.de\\\/en\\\/certificates\\\/#primaryimage\"},\"thumbnailUrl\":\"https:\\\/\\\/rexroth-rhinow-gmbh.de\\\/wp-content\\\/uploads\\\/2025\\\/03\\\/PDF-Downlad.png\",\"datePublished\":\"2025-03-26T11:51:09+00:00\",\"dateModified\":\"2026-02-26T05:40:21+00:00\",\"description\":\"Rexroth\",\"breadcrumb\":{\"@id\":\"https:\\\/\\\/rexroth-rhinow-gmbh.de\\\/en\\\/certificates\\\/#breadcrumb\"},\"inLanguage\":\"en-US\",\"potentialAction\":[{\"@type\":\"ReadAction\",\"target\":[\"https:\\\/\\\/rexroth-rhinow-gmbh.de\\\/en\\\/certificates\\\/\"]}]},{\"@type\":\"ImageObject\",\"inLanguage\":\"en-US\",\"@id\":\"https:\\\/\\\/rexroth-rhinow-gmbh.de\\\/en\\\/certificates\\\/#primaryimage\",\"url\":\"https:\\\/\\\/rexroth-rhinow-gmbh.de\\\/wp-content\\\/uploads\\\/2025\\\/03\\\/PDF-Downlad.png\",\"contentUrl\":\"https:\\\/\\\/rexroth-rhinow-gmbh.de\\\/wp-content\\\/uploads\\\/2025\\\/03\\\/PDF-Downlad.png\"},{\"@type\":\"BreadcrumbList\",\"@id\":\"https:\\\/\\\/rexroth-rhinow-gmbh.de\\\/en\\\/certificates\\\/#breadcrumb\",\"itemListElement\":[{\"@type\":\"ListItem\",\"position\":1,\"name\":\"Startseite\",\"item\":\"https:\\\/\\\/rexroth-rhinow-gmbh.de\\\/en\\\/\"},{\"@type\":\"ListItem\",\"position\":2,\"name\":\"Certificates\"}]},{\"@type\":\"WebSite\",\"@id\":\"https:\\\/\\\/rexroth-rhinow-gmbh.de\\\/en\\\/#website\",\"url\":\"https:\\\/\\\/rexroth-rhinow-gmbh.de\\\/en\\\/\",\"name\":\"Rexroth Rhinow | Spezialist f\u00fcr Metallverarbeitung\",\"description\":\"Fertigung von Metallteilen und weltweiter Zulieferer\",\"publisher\":{\"@id\":\"https:\\\/\\\/rexroth-rhinow-gmbh.de\\\/en\\\/#organization\"},\"alternateName\":\"Rexroth Metallverarbeitung\",\"potentialAction\":[{\"@type\":\"SearchAction\",\"target\":{\"@type\":\"EntryPoint\",\"urlTemplate\":\"https:\\\/\\\/rexroth-rhinow-gmbh.de\\\/en\\\/?s={search_term_string}\"},\"query-input\":{\"@type\":\"PropertyValueSpecification\",\"valueRequired\":true,\"valueName\":\"search_term_string\"}}],\"inLanguage\":\"en-US\"},{\"@type\":\"Organization\",\"@id\":\"https:\\\/\\\/rexroth-rhinow-gmbh.de\\\/en\\\/#organization\",\"name\":\"Rexroth Rhinow GmbH\",\"alternateName\":\"Rexroth Rhinow\",\"url\":\"https:\\\/\\\/rexroth-rhinow-gmbh.de\\\/en\\\/\",\"logo\":{\"@type\":\"ImageObject\",\"inLanguage\":\"en-US\",\"@id\":\"https:\\\/\\\/rexroth-rhinow-gmbh.de\\\/en\\\/#\\\/schema\\\/logo\\\/image\\\/\",\"url\":\"https:\\\/\\\/rexroth-rhinow-gmbh.de\\\/wp-content\\\/uploads\\\/2024\\\/11\\\/Logo-Variate-2-Hochformat.jpg\",\"contentUrl\":\"https:\\\/\\\/rexroth-rhinow-gmbh.de\\\/wp-content\\\/uploads\\\/2024\\\/11\\\/Logo-Variate-2-Hochformat.jpg\",\"width\":1200,\"height\":1419,\"caption\":\"Rexroth Rhinow GmbH\"},\"image\":{\"@id\":\"https:\\\/\\\/rexroth-rhinow-gmbh.de\\\/en\\\/#\\\/schema\\\/logo\\\/image\\\/\"},\"sameAs\":[\"https:\\\/\\\/www.facebook.com\\\/p\\\/Rexroth-Rhinow-GmbH-100039927945431\\\/\"],\"description\":\"Bei der Rexroth Rhinow GmbH ist alles m\u00f6glich: Von der Montage und Herstellung von Prototypen bis hin zur Serienreife bieten wir vollumf\u00e4ngliche L\u00f6sungen, die keine W\u00fcnsche offen lassen. Entdecken Sie die Welt der Metallverarbeitung mit Rexroth Rhinow, dem f\u00fchrenden Spezialisten f\u00fcr ma\u00dfgeschneiderte Metallkomponenten und -konstruktionen. Mit unserer Marke \u201eRexGarden\u201c konzipieren wir dar\u00fcber individuelle B\u00fcro- Maschinen- & Industriecontainer.\",\"email\":\"info@rexroth-rhinow.de\",\"telephone\":\"+49 (0) 931 7809040\",\"legalName\":\"RexRoth Rhinow GmbH\",\"vatID\":\"DE298625702\",\"numberOfEmployees\":{\"@type\":\"QuantitativeValue\",\"minValue\":\"51\",\"maxValue\":\"200\"}}]}<\/script>\n<!-- \/ Yoast SEO Premium plugin. -->","yoast_head_json":{"title":"Certificates - Rexroth Rhinow | Spezialist f\u00fcr Metallverarbeitung","description":"Rexroth","robots":{"index":"index","follow":"follow","max-snippet":"max-snippet:-1","max-image-preview":"max-image-preview:large","max-video-preview":"max-video-preview:-1"},"canonical":"https:\/\/rexroth-rhinow-gmbh.de\/en\/certificates\/","og_locale":"en_US","og_type":"article","og_title":"Certificates","og_description":"Rexroth","og_url":"https:\/\/rexroth-rhinow-gmbh.de\/en\/certificates\/","og_site_name":"Rexroth Rhinow | Spezialist f\u00fcr Metallverarbeitung","article_publisher":"https:\/\/www.facebook.com\/p\/Rexroth-Rhinow-GmbH-100039927945431\/","article_modified_time":"2026-02-26T05:40:21+00:00","og_image":[{"url":"https:\/\/rexroth-rhinow-gmbh.de\/wp-content\/uploads\/2025\/03\/PDF-Downlad.png","type":"","width":"","height":""}],"twitter_card":"summary_large_image","twitter_misc":{"Est. reading time":"5 minutes"},"schema":{"@context":"https:\/\/schema.org","@graph":[{"@type":"WebPage","@id":"https:\/\/rexroth-rhinow-gmbh.de\/en\/certificates\/","url":"https:\/\/rexroth-rhinow-gmbh.de\/en\/certificates\/","name":"Certificates - Rexroth Rhinow | Spezialist f\u00fcr Metallverarbeitung","isPartOf":{"@id":"https:\/\/rexroth-rhinow-gmbh.de\/en\/#website"},"primaryImageOfPage":{"@id":"https:\/\/rexroth-rhinow-gmbh.de\/en\/certificates\/#primaryimage"},"image":{"@id":"https:\/\/rexroth-rhinow-gmbh.de\/en\/certificates\/#primaryimage"},"thumbnailUrl":"https:\/\/rexroth-rhinow-gmbh.de\/wp-content\/uploads\/2025\/03\/PDF-Downlad.png","datePublished":"2025-03-26T11:51:09+00:00","dateModified":"2026-02-26T05:40:21+00:00","description":"Rexroth","breadcrumb":{"@id":"https:\/\/rexroth-rhinow-gmbh.de\/en\/certificates\/#breadcrumb"},"inLanguage":"en-US","potentialAction":[{"@type":"ReadAction","target":["https:\/\/rexroth-rhinow-gmbh.de\/en\/certificates\/"]}]},{"@type":"ImageObject","inLanguage":"en-US","@id":"https:\/\/rexroth-rhinow-gmbh.de\/en\/certificates\/#primaryimage","url":"https:\/\/rexroth-rhinow-gmbh.de\/wp-content\/uploads\/2025\/03\/PDF-Downlad.png","contentUrl":"https:\/\/rexroth-rhinow-gmbh.de\/wp-content\/uploads\/2025\/03\/PDF-Downlad.png"},{"@type":"BreadcrumbList","@id":"https:\/\/rexroth-rhinow-gmbh.de\/en\/certificates\/#breadcrumb","itemListElement":[{"@type":"ListItem","position":1,"name":"Startseite","item":"https:\/\/rexroth-rhinow-gmbh.de\/en\/"},{"@type":"ListItem","position":2,"name":"Certificates"}]},{"@type":"WebSite","@id":"https:\/\/rexroth-rhinow-gmbh.de\/en\/#website","url":"https:\/\/rexroth-rhinow-gmbh.de\/en\/","name":"Rexroth Rhinow | Spezialist f\u00fcr Metallverarbeitung","description":"Fertigung von Metallteilen und weltweiter Zulieferer","publisher":{"@id":"https:\/\/rexroth-rhinow-gmbh.de\/en\/#organization"},"alternateName":"Rexroth Metallverarbeitung","potentialAction":[{"@type":"SearchAction","target":{"@type":"EntryPoint","urlTemplate":"https:\/\/rexroth-rhinow-gmbh.de\/en\/?s={search_term_string}"},"query-input":{"@type":"PropertyValueSpecification","valueRequired":true,"valueName":"search_term_string"}}],"inLanguage":"en-US"},{"@type":"Organization","@id":"https:\/\/rexroth-rhinow-gmbh.de\/en\/#organization","name":"Rexroth Rhinow GmbH","alternateName":"Rexroth Rhinow","url":"https:\/\/rexroth-rhinow-gmbh.de\/en\/","logo":{"@type":"ImageObject","inLanguage":"en-US","@id":"https:\/\/rexroth-rhinow-gmbh.de\/en\/#\/schema\/logo\/image\/","url":"https:\/\/rexroth-rhinow-gmbh.de\/wp-content\/uploads\/2024\/11\/Logo-Variate-2-Hochformat.jpg","contentUrl":"https:\/\/rexroth-rhinow-gmbh.de\/wp-content\/uploads\/2024\/11\/Logo-Variate-2-Hochformat.jpg","width":1200,"height":1419,"caption":"Rexroth Rhinow GmbH"},"image":{"@id":"https:\/\/rexroth-rhinow-gmbh.de\/en\/#\/schema\/logo\/image\/"},"sameAs":["https:\/\/www.facebook.com\/p\/Rexroth-Rhinow-GmbH-100039927945431\/"],"description":"Bei der Rexroth Rhinow GmbH ist alles m\u00f6glich: Von der Montage und Herstellung von Prototypen bis hin zur Serienreife bieten wir vollumf\u00e4ngliche L\u00f6sungen, die keine W\u00fcnsche offen lassen. Entdecken Sie die Welt der Metallverarbeitung mit Rexroth Rhinow, dem f\u00fchrenden Spezialisten f\u00fcr ma\u00dfgeschneiderte Metallkomponenten und -konstruktionen. Mit unserer Marke \u201eRexGarden\u201c konzipieren wir dar\u00fcber individuelle B\u00fcro- Maschinen- & Industriecontainer.","email":"info@rexroth-rhinow.de","telephone":"+49 (0) 931 7809040","legalName":"RexRoth Rhinow GmbH","vatID":"DE298625702","numberOfEmployees":{"@type":"QuantitativeValue","minValue":"51","maxValue":"200"}}]}},"_links":{"self":[{"href":"https:\/\/rexroth-rhinow-gmbh.de\/en\/wp-json\/wp\/v2\/pages\/101265","targetHints":{"allow":["GET"]}}],"collection":[{"href":"https:\/\/rexroth-rhinow-gmbh.de\/en\/wp-json\/wp\/v2\/pages"}],"about":[{"href":"https:\/\/rexroth-rhinow-gmbh.de\/en\/wp-json\/wp\/v2\/types\/page"}],"author":[{"embeddable":true,"href":"https:\/\/rexroth-rhinow-gmbh.de\/en\/wp-json\/wp\/v2\/users\/1"}],"replies":[{"embeddable":true,"href":"https:\/\/rexroth-rhinow-gmbh.de\/en\/wp-json\/wp\/v2\/comments?post=101265"}],"version-history":[{"count":4,"href":"https:\/\/rexroth-rhinow-gmbh.de\/en\/wp-json\/wp\/v2\/pages\/101265\/revisions"}],"predecessor-version":[{"id":101709,"href":"https:\/\/rexroth-rhinow-gmbh.de\/en\/wp-json\/wp\/v2\/pages\/101265\/revisions\/101709"}],"wp:attachment":[{"href":"https:\/\/rexroth-rhinow-gmbh.de\/en\/wp-json\/wp\/v2\/media?parent=101265"}],"wp:term":[{"taxonomy":"dipi_cpt_category","embeddable":true,"href":"https:\/\/rexroth-rhinow-gmbh.de\/en\/wp-json\/wp\/v2\/dipi_cpt_category?post=101265"}],"curies":[{"name":"wp","href":"https:\/\/api.w.org\/{rel}","templated":true}]}}