{"id":101259,"date":"2023-02-27T04:07:08","date_gmt":"2023-02-27T03:07:08","guid":{"rendered":"https:\/\/rexroth-rhinow-gmbh.de\/imprint\/"},"modified":"2025-11-21T15:54:10","modified_gmt":"2025-11-21T14:54:10","slug":"imprint","status":"publish","type":"page","link":"https:\/\/rexroth-rhinow-gmbh.de\/en\/imprint\/","title":{"rendered":"Imprint"},"content":{"rendered":"<p>[et_pb_section fb_built=&#8221;1&#8243; module_class=&#8221;px_page_title&#8221; _builder_version=&#8221;4.27.4&#8243; _module_preset=&#8221;default&#8221; background_enable_color=&#8221;off&#8221; background_image=&#8221;http:\/\/rexroth-rhinow-gmbh.de\/wp-content\/uploads\/2024\/12\/LinkedIn-Header-3.jpg&#8221; background_position=&#8221;bottom_center&#8221; background_blend=&#8221;overlay&#8221; custom_margin=&#8221;||76px|||&#8221; custom_padding=&#8221;||31px|||&#8221; locked=&#8221;off&#8221; collapsed=&#8221;off&#8221; global_colors_info=&#8221;{}&#8221;][et_pb_row _builder_version=&#8221;4.21.0&#8243; _module_preset=&#8221;default&#8221; custom_padding=&#8221;||10px||false|false&#8221; collapsed=&#8221;on&#8221; global_colors_info=&#8221;{}&#8221;][et_pb_column type=&#8221;4_4&#8243; _builder_version=&#8221;4.18.0&#8243; _module_preset=&#8221;default&#8221; global_colors_info=&#8221;{}&#8221;][et_pb_text module_class=&#8221;px_product_title_name&#8221; _builder_version=&#8221;4.27.4&#8243; _module_preset=&#8221;default&#8221; global_colors_info=&#8221;{}&#8221;]<\/p>\n<p>IMPRINT<\/p>\n<p>[\/et_pb_text][\/et_pb_column][\/et_pb_row][\/et_pb_section][et_pb_section fb_built=&#8221;1&#8243; _builder_version=&#8221;4.24.0&#8243; _module_preset=&#8221;default&#8221; custom_padding=&#8221;0px|||||&#8221; global_colors_info=&#8221;{}&#8221;][et_pb_row column_structure=&#8221;3_5,2_5&#8243; _builder_version=&#8221;4.22.1&#8243; _module_preset=&#8221;default&#8221; custom_padding=&#8221;19px|||||&#8221; global_colors_info=&#8221;{}&#8221;][et_pb_column type=&#8221;3_5&#8243; _builder_version=&#8221;4.22.1&#8243; _module_preset=&#8221;default&#8221; global_colors_info=&#8221;{}&#8221;][et_pb_image src=&#8221;http:\/\/rexroth-rhinow-gmbh.de\/wp-content\/uploads\/2024\/12\/Logo-lang-header-website-blau-mit-schein.png&#8221; title_text=&#8221;Logo-lang-header-website-blau-mit-schein&#8221; _builder_version=&#8221;4.27.4&#8243; _module_preset=&#8221;default&#8221; custom_margin=&#8221;||3px|||&#8221; custom_padding=&#8221;||0px|||&#8221; global_colors_info=&#8221;{}&#8221;][\/et_pb_image][et_pb_image src=&#8221;http:\/\/rexroth-rhinow-gmbh.de\/wp-content\/uploads\/2024\/11\/Kathrin-Bleks.jpg&#8221; alt=&#8221;Kathrin Bleks, Managing Director&#8221; title_text=&#8221;Kathrin Bleks, Managing Director&#8221; _builder_version=&#8221;4.27.4&#8243; _module_preset=&#8221;default&#8221; width=&#8221;48%&#8221; module_alignment=&#8221;center&#8221; custom_margin=&#8221;|0px||0px|true|true&#8221; custom_padding=&#8221;0px||0px||true|false&#8221; border_radii=&#8221;on|100%|100%|100%|100%&#8221; global_colors_info=&#8221;{}&#8221;][\/et_pb_image][\/et_pb_column][et_pb_column type=&#8221;2_5&#8243; _builder_version=&#8221;4.22.1&#8243; _module_preset=&#8221;default&#8221; global_colors_info=&#8221;{}&#8221;][et_pb_text _builder_version=&#8221;4.27.4&#8243; _module_preset=&#8221;default&#8221; global_colors_info=&#8221;{}&#8221;]<\/p>\n<p>Information according to \u00a7 5 TMG [German Telemedia Act]<\/p>\n<p>Rexroth Rhinow GmbH<br \/>Bahnhofstr. 11<br \/>14728 Rhinow<br \/>Tel.: 03 38 75 \/ 37 00<br \/>Fax: 03 38 75 \/ 37 019<br \/>E-mail: <span> <\/span><a href=\"mailto:info@rexroth-rhinow.de\">Info(at)rexroth-rhinow.de<\/a><br \/>Internet:<span> <\/span><a href=\"http:\/\/www.rexroth-rhinow.de\/\">www.rexroth-rhinow.de<\/a><\/p>\n<p><strong>Management:<\/strong><span> <\/span>Kathrin Bleks (Managing Director)<\/p>\n<p><strong>Register court:<\/strong><span> <\/span>Potsdam District Court<br \/><strong>Register number:<\/strong><span> <\/span>HRB 37148 P<br \/>Value added tax identification number according to \u00a7 27a UStG: DE298625702<\/p>\n<p>Responsible for content according to \u00a7 5 TMG (German Telemedia Act): Kathrin Bleks<\/p>\n<p>&nbsp;<\/p>\n<p>Web design: Dr. h.c. Wolf Lewitz (Correct Conception GmbH)<\/p>\n<p>[\/et_pb_text][\/et_pb_column][\/et_pb_row][et_pb_row _builder_version=&#8221;4.22.1&#8243; _module_preset=&#8221;default&#8221; global_colors_info=&#8221;{}&#8221;][et_pb_column type=&#8221;4_4&#8243; _builder_version=&#8221;4.22.1&#8243; _module_preset=&#8221;default&#8221; global_colors_info=&#8221;{}&#8221;][et_pb_text _builder_version=&#8221;4.27.4&#8243; _module_preset=&#8221;default&#8221; global_colors_info=&#8221;{}&#8221;]<\/p>\n<p><img decoding=\"async\" src=\"http:\/\/rexroth-rhinow-gmbh.de\/wp-content\/uploads\/2024\/12\/Logo-hoch-200.png\" width=\"25\" height=\"30\" alt=\"\" class=\"wp-image-100180 alignnone size-full\" srcset=\"https:\/\/rexroth-rhinow-gmbh.de\/wp-content\/uploads\/2024\/12\/Logo-hoch-200.png 200w, https:\/\/rexroth-rhinow-gmbh.de\/wp-content\/uploads\/2024\/12\/Logo-hoch-200-64x77.png 64w\" sizes=\"(max-width: 25px) 100vw, 25px\" \/> <strong>Dispute resolution<\/strong><br \/>The European Commission provides a platform for online dispute resolution (ODR): EU OS.<br \/>You can find our e-mail address above in the imprint.<\/p>\n<p>We are neither willing nor obliged to participate in dispute resolution proceedings before a consumer arbitration board.<\/p>\n<p><img decoding=\"async\" src=\"http:\/\/rexroth-rhinow-gmbh.de\/wp-content\/uploads\/2024\/12\/Logo-hoch-200.png\" width=\"25\" height=\"30\" alt=\"\" class=\"wp-image-100180 alignnone size-full\" srcset=\"https:\/\/rexroth-rhinow-gmbh.de\/wp-content\/uploads\/2024\/12\/Logo-hoch-200.png 200w, https:\/\/rexroth-rhinow-gmbh.de\/wp-content\/uploads\/2024\/12\/Logo-hoch-200-64x77.png 64w\" sizes=\"(max-width: 25px) 100vw, 25px\" \/> <strong>Liability for content<\/strong><br \/>As a service provider, we are responsible for our own content on these pages in accordance with general laws, pursuant to \u00a7 7 para. 1 TMG. According to \u00a7\u00a7 8 to 10 TMG, however, we as a service provider are not obliged to monitor transmitted or stored external information or to investigate circumstances that indicate illegal activity.  <\/p>\n<p>Obligations to remove or block the use of information according to general laws remain unaffected. However, liability in this regard is only possible from the point in time at which a concrete violation of the law becomes known. If we become aware of corresponding violations of the law, we will remove this content immediately.  <\/p>\n<p> <strong><img decoding=\"async\" src=\"http:\/\/rexroth-rhinow-gmbh.de\/wp-content\/uploads\/2024\/12\/Logo-hoch-200.png\" width=\"25\" height=\"30\" alt=\"\" class=\"wp-image-100180 alignnone size-full\" srcset=\"https:\/\/rexroth-rhinow-gmbh.de\/wp-content\/uploads\/2024\/12\/Logo-hoch-200.png 200w, https:\/\/rexroth-rhinow-gmbh.de\/wp-content\/uploads\/2024\/12\/Logo-hoch-200-64x77.png 64w\" sizes=\"(max-width: 25px) 100vw, 25px\" \/> Liability for links<\/strong><br \/>Our website contains links to external websites of third parties, over whose content we have no influence. Therefore, we cannot assume any liability for this external content. The respective provider or operator of the pages is always responsible for the content of the linked pages. The linked pages were checked for possible legal violations at the time of linking. Illegal content was not recognizable at the time of linking.    <\/p>\n<p>However, permanent monitoring of the content of the linked pages is not reasonable without concrete evidence of a violation of the law. If we become aware of legal violations, we will remove such links immediately. <\/p>\n<p> <strong><img decoding=\"async\" src=\"http:\/\/rexroth-rhinow-gmbh.de\/wp-content\/uploads\/2024\/12\/Logo-hoch-200.png\" width=\"25\" height=\"30\" alt=\"\" class=\"wp-image-100180 alignnone size-full\" srcset=\"https:\/\/rexroth-rhinow-gmbh.de\/wp-content\/uploads\/2024\/12\/Logo-hoch-200.png 200w, https:\/\/rexroth-rhinow-gmbh.de\/wp-content\/uploads\/2024\/12\/Logo-hoch-200-64x77.png 64w\" sizes=\"(max-width: 25px) 100vw, 25px\" \/> Copyright<\/strong><br \/>The content and works created by the site operators on these pages are subject to German copyright law. The duplication, processing, distribution and any kind of exploitation outside the limits of copyright require the written consent of the respective author or creator. Downloads and copies of this page are only permitted for private, non-commercial use.  <\/p>\n<p>Insofar as the content on this page was not created by the operator, the copyrights of third parties are respected. In particular, third-party content is identified as such. Should you nevertheless become aware of a copyright infringement, please inform us accordingly. If we become aware of legal violations, we will remove such content immediately.   <\/p>\n<p> <strong><img decoding=\"async\" src=\"http:\/\/rexroth-rhinow-gmbh.de\/wp-content\/uploads\/2024\/12\/Logo-hoch-200.png\" width=\"25\" height=\"30\" alt=\"\" class=\"wp-image-100180 alignnone size-full\" srcset=\"https:\/\/rexroth-rhinow-gmbh.de\/wp-content\/uploads\/2024\/12\/Logo-hoch-200.png 200w, https:\/\/rexroth-rhinow-gmbh.de\/wp-content\/uploads\/2024\/12\/Logo-hoch-200-64x77.png 64w\" sizes=\"(max-width: 25px) 100vw, 25px\" \/> Photographs<\/strong><br \/>As part of the project presentations on our site, we sometimes use original photographs or videos from Film-Lagune. In addition, licensed images from &#8220;Adobe Stock&#8221; are used, as well as images created with AI by the company Correct Conception. Duplication, processing, distribution and any kind of exploitation requires the written consent of the respective rights holder.<\/p>\n<p>[\/et_pb_text][\/et_pb_column][\/et_pb_row][\/et_pb_section]<\/p>\n","protected":false},"excerpt":{"rendered":"<p>IMPRINTInformation according to \u00a7 5 TMG [German Telemedia Act] Rexroth Rhinow GmbHBahnhofstr. 1114728 RhinowTel.: 03 38 75 \/ 37 00Fax: 03 38 75 \/ 37 019E-mail: Info(at)rexroth-rhinow.deInternet: www.rexroth-rhinow.de Management: Kathrin Bleks (Managing Director) Register court: Potsdam District CourtRegister number: HRB 37148 PValue added tax identification number according to \u00a7 27a UStG: DE298625702 Responsible for content [&hellip;]<\/p>\n","protected":false},"author":1,"featured_media":0,"parent":0,"menu_order":0,"comment_status":"closed","ping_status":"open","template":"","meta":{"_acf_changed":false,"_et_pb_use_builder":"on","_et_pb_old_content":"","_et_gb_content_width":"","footnotes":""},"dipi_cpt_category":[],"class_list":["post-101259","page","type-page","status-publish","hentry"],"acf":[],"yoast_head":"<!-- This site is optimized with the Yoast SEO Premium plugin v24.8 (Yoast SEO v27.3) - https:\/\/yoast.com\/product\/yoast-seo-premium-wordpress\/ -->\n<title>Imprint - Rexroth Rhinow | Spezialist f\u00fcr Metallverarbeitung<\/title>\n<meta name=\"description\" content=\"Rexroth\" \/>\n<meta name=\"robots\" content=\"index, follow, max-snippet:-1, max-image-preview:large, max-video-preview:-1\" \/>\n<link rel=\"canonical\" href=\"https:\/\/rexroth-rhinow-gmbh.de\/en\/imprint\/\" \/>\n<meta property=\"og:locale\" content=\"en_US\" \/>\n<meta property=\"og:type\" content=\"article\" \/>\n<meta property=\"og:title\" content=\"Imprint\" \/>\n<meta property=\"og:description\" content=\"Rexroth\" \/>\n<meta property=\"og:url\" content=\"https:\/\/rexroth-rhinow-gmbh.de\/en\/imprint\/\" \/>\n<meta property=\"og:site_name\" content=\"Rexroth Rhinow | Spezialist f\u00fcr Metallverarbeitung\" \/>\n<meta property=\"article:publisher\" content=\"https:\/\/www.facebook.com\/p\/Rexroth-Rhinow-GmbH-100039927945431\/\" \/>\n<meta property=\"article:modified_time\" content=\"2025-11-21T14:54:10+00:00\" \/>\n<meta property=\"og:image\" content=\"http:\/\/rexroth-rhinow-gmbh.de\/wp-content\/uploads\/2024\/12\/Logo-hoch-200.png\" \/>\n<meta name=\"twitter:card\" content=\"summary_large_image\" \/>\n<meta name=\"twitter:label1\" content=\"Est. reading time\" \/>\n\t<meta name=\"twitter:data1\" content=\"4 minutes\" \/>\n<script type=\"application\/ld+json\" class=\"yoast-schema-graph\">{\"@context\":\"https:\\\/\\\/schema.org\",\"@graph\":[{\"@type\":\"WebPage\",\"@id\":\"https:\\\/\\\/rexroth-rhinow-gmbh.de\\\/en\\\/imprint\\\/\",\"url\":\"https:\\\/\\\/rexroth-rhinow-gmbh.de\\\/en\\\/imprint\\\/\",\"name\":\"Imprint - Rexroth Rhinow | Spezialist f\u00fcr Metallverarbeitung\",\"isPartOf\":{\"@id\":\"https:\\\/\\\/rexroth-rhinow-gmbh.de\\\/en\\\/#website\"},\"primaryImageOfPage\":{\"@id\":\"https:\\\/\\\/rexroth-rhinow-gmbh.de\\\/en\\\/imprint\\\/#primaryimage\"},\"image\":{\"@id\":\"https:\\\/\\\/rexroth-rhinow-gmbh.de\\\/en\\\/imprint\\\/#primaryimage\"},\"thumbnailUrl\":\"http:\\\/\\\/rexroth-rhinow-gmbh.de\\\/wp-content\\\/uploads\\\/2024\\\/12\\\/Logo-hoch-200.png\",\"datePublished\":\"2023-02-27T03:07:08+00:00\",\"dateModified\":\"2025-11-21T14:54:10+00:00\",\"description\":\"Rexroth\",\"breadcrumb\":{\"@id\":\"https:\\\/\\\/rexroth-rhinow-gmbh.de\\\/en\\\/imprint\\\/#breadcrumb\"},\"inLanguage\":\"en-US\",\"potentialAction\":[{\"@type\":\"ReadAction\",\"target\":[\"https:\\\/\\\/rexroth-rhinow-gmbh.de\\\/en\\\/imprint\\\/\"]}]},{\"@type\":\"ImageObject\",\"inLanguage\":\"en-US\",\"@id\":\"https:\\\/\\\/rexroth-rhinow-gmbh.de\\\/en\\\/imprint\\\/#primaryimage\",\"url\":\"http:\\\/\\\/rexroth-rhinow-gmbh.de\\\/wp-content\\\/uploads\\\/2024\\\/12\\\/Logo-hoch-200.png\",\"contentUrl\":\"http:\\\/\\\/rexroth-rhinow-gmbh.de\\\/wp-content\\\/uploads\\\/2024\\\/12\\\/Logo-hoch-200.png\"},{\"@type\":\"BreadcrumbList\",\"@id\":\"https:\\\/\\\/rexroth-rhinow-gmbh.de\\\/en\\\/imprint\\\/#breadcrumb\",\"itemListElement\":[{\"@type\":\"ListItem\",\"position\":1,\"name\":\"Startseite\",\"item\":\"https:\\\/\\\/rexroth-rhinow-gmbh.de\\\/en\\\/\"},{\"@type\":\"ListItem\",\"position\":2,\"name\":\"Imprint\"}]},{\"@type\":\"WebSite\",\"@id\":\"https:\\\/\\\/rexroth-rhinow-gmbh.de\\\/en\\\/#website\",\"url\":\"https:\\\/\\\/rexroth-rhinow-gmbh.de\\\/en\\\/\",\"name\":\"Rexroth Rhinow | Spezialist f\u00fcr Metallverarbeitung\",\"description\":\"Fertigung von Metallteilen und weltweiter Zulieferer\",\"publisher\":{\"@id\":\"https:\\\/\\\/rexroth-rhinow-gmbh.de\\\/en\\\/#organization\"},\"alternateName\":\"Rexroth Metallverarbeitung\",\"potentialAction\":[{\"@type\":\"SearchAction\",\"target\":{\"@type\":\"EntryPoint\",\"urlTemplate\":\"https:\\\/\\\/rexroth-rhinow-gmbh.de\\\/en\\\/?s={search_term_string}\"},\"query-input\":{\"@type\":\"PropertyValueSpecification\",\"valueRequired\":true,\"valueName\":\"search_term_string\"}}],\"inLanguage\":\"en-US\"},{\"@type\":\"Organization\",\"@id\":\"https:\\\/\\\/rexroth-rhinow-gmbh.de\\\/en\\\/#organization\",\"name\":\"Rexroth Rhinow GmbH\",\"alternateName\":\"Rexroth Rhinow\",\"url\":\"https:\\\/\\\/rexroth-rhinow-gmbh.de\\\/en\\\/\",\"logo\":{\"@type\":\"ImageObject\",\"inLanguage\":\"en-US\",\"@id\":\"https:\\\/\\\/rexroth-rhinow-gmbh.de\\\/en\\\/#\\\/schema\\\/logo\\\/image\\\/\",\"url\":\"https:\\\/\\\/rexroth-rhinow-gmbh.de\\\/wp-content\\\/uploads\\\/2024\\\/11\\\/Logo-Variate-2-Hochformat.jpg\",\"contentUrl\":\"https:\\\/\\\/rexroth-rhinow-gmbh.de\\\/wp-content\\\/uploads\\\/2024\\\/11\\\/Logo-Variate-2-Hochformat.jpg\",\"width\":1200,\"height\":1419,\"caption\":\"Rexroth Rhinow GmbH\"},\"image\":{\"@id\":\"https:\\\/\\\/rexroth-rhinow-gmbh.de\\\/en\\\/#\\\/schema\\\/logo\\\/image\\\/\"},\"sameAs\":[\"https:\\\/\\\/www.facebook.com\\\/p\\\/Rexroth-Rhinow-GmbH-100039927945431\\\/\"],\"description\":\"Bei der Rexroth Rhinow GmbH ist alles m\u00f6glich: Von der Montage und Herstellung von Prototypen bis hin zur Serienreife bieten wir vollumf\u00e4ngliche L\u00f6sungen, die keine W\u00fcnsche offen lassen. Entdecken Sie die Welt der Metallverarbeitung mit Rexroth Rhinow, dem f\u00fchrenden Spezialisten f\u00fcr ma\u00dfgeschneiderte Metallkomponenten und -konstruktionen. Mit unserer Marke \u201eRexGarden\u201c konzipieren wir dar\u00fcber individuelle B\u00fcro- Maschinen- & Industriecontainer.\",\"email\":\"info@rexroth-rhinow.de\",\"telephone\":\"+49 (0) 931 7809040\",\"legalName\":\"RexRoth Rhinow GmbH\",\"vatID\":\"DE298625702\",\"numberOfEmployees\":{\"@type\":\"QuantitativeValue\",\"minValue\":\"51\",\"maxValue\":\"200\"}}]}<\/script>\n<!-- \/ Yoast SEO Premium plugin. -->","yoast_head_json":{"title":"Imprint - Rexroth Rhinow | Spezialist f\u00fcr Metallverarbeitung","description":"Rexroth","robots":{"index":"index","follow":"follow","max-snippet":"max-snippet:-1","max-image-preview":"max-image-preview:large","max-video-preview":"max-video-preview:-1"},"canonical":"https:\/\/rexroth-rhinow-gmbh.de\/en\/imprint\/","og_locale":"en_US","og_type":"article","og_title":"Imprint","og_description":"Rexroth","og_url":"https:\/\/rexroth-rhinow-gmbh.de\/en\/imprint\/","og_site_name":"Rexroth Rhinow | Spezialist f\u00fcr Metallverarbeitung","article_publisher":"https:\/\/www.facebook.com\/p\/Rexroth-Rhinow-GmbH-100039927945431\/","article_modified_time":"2025-11-21T14:54:10+00:00","og_image":[{"url":"http:\/\/rexroth-rhinow-gmbh.de\/wp-content\/uploads\/2024\/12\/Logo-hoch-200.png","type":"","width":"","height":""}],"twitter_card":"summary_large_image","twitter_misc":{"Est. reading time":"4 minutes"},"schema":{"@context":"https:\/\/schema.org","@graph":[{"@type":"WebPage","@id":"https:\/\/rexroth-rhinow-gmbh.de\/en\/imprint\/","url":"https:\/\/rexroth-rhinow-gmbh.de\/en\/imprint\/","name":"Imprint - Rexroth Rhinow | Spezialist f\u00fcr Metallverarbeitung","isPartOf":{"@id":"https:\/\/rexroth-rhinow-gmbh.de\/en\/#website"},"primaryImageOfPage":{"@id":"https:\/\/rexroth-rhinow-gmbh.de\/en\/imprint\/#primaryimage"},"image":{"@id":"https:\/\/rexroth-rhinow-gmbh.de\/en\/imprint\/#primaryimage"},"thumbnailUrl":"http:\/\/rexroth-rhinow-gmbh.de\/wp-content\/uploads\/2024\/12\/Logo-hoch-200.png","datePublished":"2023-02-27T03:07:08+00:00","dateModified":"2025-11-21T14:54:10+00:00","description":"Rexroth","breadcrumb":{"@id":"https:\/\/rexroth-rhinow-gmbh.de\/en\/imprint\/#breadcrumb"},"inLanguage":"en-US","potentialAction":[{"@type":"ReadAction","target":["https:\/\/rexroth-rhinow-gmbh.de\/en\/imprint\/"]}]},{"@type":"ImageObject","inLanguage":"en-US","@id":"https:\/\/rexroth-rhinow-gmbh.de\/en\/imprint\/#primaryimage","url":"http:\/\/rexroth-rhinow-gmbh.de\/wp-content\/uploads\/2024\/12\/Logo-hoch-200.png","contentUrl":"http:\/\/rexroth-rhinow-gmbh.de\/wp-content\/uploads\/2024\/12\/Logo-hoch-200.png"},{"@type":"BreadcrumbList","@id":"https:\/\/rexroth-rhinow-gmbh.de\/en\/imprint\/#breadcrumb","itemListElement":[{"@type":"ListItem","position":1,"name":"Startseite","item":"https:\/\/rexroth-rhinow-gmbh.de\/en\/"},{"@type":"ListItem","position":2,"name":"Imprint"}]},{"@type":"WebSite","@id":"https:\/\/rexroth-rhinow-gmbh.de\/en\/#website","url":"https:\/\/rexroth-rhinow-gmbh.de\/en\/","name":"Rexroth Rhinow | Spezialist f\u00fcr Metallverarbeitung","description":"Fertigung von Metallteilen und weltweiter Zulieferer","publisher":{"@id":"https:\/\/rexroth-rhinow-gmbh.de\/en\/#organization"},"alternateName":"Rexroth Metallverarbeitung","potentialAction":[{"@type":"SearchAction","target":{"@type":"EntryPoint","urlTemplate":"https:\/\/rexroth-rhinow-gmbh.de\/en\/?s={search_term_string}"},"query-input":{"@type":"PropertyValueSpecification","valueRequired":true,"valueName":"search_term_string"}}],"inLanguage":"en-US"},{"@type":"Organization","@id":"https:\/\/rexroth-rhinow-gmbh.de\/en\/#organization","name":"Rexroth Rhinow GmbH","alternateName":"Rexroth Rhinow","url":"https:\/\/rexroth-rhinow-gmbh.de\/en\/","logo":{"@type":"ImageObject","inLanguage":"en-US","@id":"https:\/\/rexroth-rhinow-gmbh.de\/en\/#\/schema\/logo\/image\/","url":"https:\/\/rexroth-rhinow-gmbh.de\/wp-content\/uploads\/2024\/11\/Logo-Variate-2-Hochformat.jpg","contentUrl":"https:\/\/rexroth-rhinow-gmbh.de\/wp-content\/uploads\/2024\/11\/Logo-Variate-2-Hochformat.jpg","width":1200,"height":1419,"caption":"Rexroth Rhinow GmbH"},"image":{"@id":"https:\/\/rexroth-rhinow-gmbh.de\/en\/#\/schema\/logo\/image\/"},"sameAs":["https:\/\/www.facebook.com\/p\/Rexroth-Rhinow-GmbH-100039927945431\/"],"description":"Bei der Rexroth Rhinow GmbH ist alles m\u00f6glich: Von der Montage und Herstellung von Prototypen bis hin zur Serienreife bieten wir vollumf\u00e4ngliche L\u00f6sungen, die keine W\u00fcnsche offen lassen. Entdecken Sie die Welt der Metallverarbeitung mit Rexroth Rhinow, dem f\u00fchrenden Spezialisten f\u00fcr ma\u00dfgeschneiderte Metallkomponenten und -konstruktionen. Mit unserer Marke \u201eRexGarden\u201c konzipieren wir dar\u00fcber individuelle B\u00fcro- Maschinen- & Industriecontainer.","email":"info@rexroth-rhinow.de","telephone":"+49 (0) 931 7809040","legalName":"RexRoth Rhinow GmbH","vatID":"DE298625702","numberOfEmployees":{"@type":"QuantitativeValue","minValue":"51","maxValue":"200"}}]}},"_links":{"self":[{"href":"https:\/\/rexroth-rhinow-gmbh.de\/en\/wp-json\/wp\/v2\/pages\/101259","targetHints":{"allow":["GET"]}}],"collection":[{"href":"https:\/\/rexroth-rhinow-gmbh.de\/en\/wp-json\/wp\/v2\/pages"}],"about":[{"href":"https:\/\/rexroth-rhinow-gmbh.de\/en\/wp-json\/wp\/v2\/types\/page"}],"author":[{"embeddable":true,"href":"https:\/\/rexroth-rhinow-gmbh.de\/en\/wp-json\/wp\/v2\/users\/1"}],"replies":[{"embeddable":true,"href":"https:\/\/rexroth-rhinow-gmbh.de\/en\/wp-json\/wp\/v2\/comments?post=101259"}],"version-history":[{"count":1,"href":"https:\/\/rexroth-rhinow-gmbh.de\/en\/wp-json\/wp\/v2\/pages\/101259\/revisions"}],"predecessor-version":[{"id":101263,"href":"https:\/\/rexroth-rhinow-gmbh.de\/en\/wp-json\/wp\/v2\/pages\/101259\/revisions\/101263"}],"wp:attachment":[{"href":"https:\/\/rexroth-rhinow-gmbh.de\/en\/wp-json\/wp\/v2\/media?parent=101259"}],"wp:term":[{"taxonomy":"dipi_cpt_category","embeddable":true,"href":"https:\/\/rexroth-rhinow-gmbh.de\/en\/wp-json\/wp\/v2\/dipi_cpt_category?post=101259"}],"curies":[{"name":"wp","href":"https:\/\/api.w.org\/{rel}","templated":true}]}}